{"id":34,"date":"2024-04-22T11:35:54","date_gmt":"2024-04-22T09:35:54","guid":{"rendered":"https:\/\/ideatempo.casiesta.com\/?page_id=34"},"modified":"2025-03-11T18:06:55","modified_gmt":"2025-03-11T17:06:55","slug":"a-propos-de-nous","status":"publish","type":"page","link":"https:\/\/ideatempo.com\/es\/a-propos-de-nous\/","title":{"rendered":"Sobre nosotros"},"content":{"rendered":"<div data-elementor-type=\"wp-page\" data-elementor-id=\"34\" class=\"elementor elementor-34\" data-elementor-post-type=\"page\">\n\t\t\t\t<div class=\"elementor-element elementor-element-c2a6c4d e-flex e-con-boxed e-con e-parent\" data-id=\"c2a6c4d\" data-element_type=\"container\" data-e-type=\"container\">\n\t\t\t\t\t<div class=\"e-con-inner\">\n\t\t<div class=\"elementor-element elementor-element-b4f1404 e-con-full e-flex e-con e-child\" data-id=\"b4f1404\" data-element_type=\"container\" data-e-type=\"container\">\n\t\t\t\t<div class=\"elementor-element elementor-element-fed5dd9 elementor-widget elementor-widget-image\" data-id=\"fed5dd9\" data-element_type=\"widget\" data-e-type=\"widget\" data-widget_type=\"image.default\">\n\t\t\t\t<div class=\"elementor-widget-container\">\n\t\t\t\t\t\t\t\t\t\t\t\t\t\t\t<img fetchpriority=\"high\" decoding=\"async\" width=\"800\" height=\"534\" src=\"https:\/\/ideatempo.com\/wp-content\/uploads\/2024\/06\/anabel-1024x683.png\" class=\"attachment-large size-large wp-image-1240\" alt=\"\" srcset=\"https:\/\/ideatempo.com\/wp-content\/uploads\/2024\/06\/anabel-1024x683.png 1024w, https:\/\/ideatempo.com\/wp-content\/uploads\/2024\/06\/anabel-300x200.png 300w, https:\/\/ideatempo.com\/wp-content\/uploads\/2024\/06\/anabel-768x512.png 768w, https:\/\/ideatempo.com\/wp-content\/uploads\/2024\/06\/anabel-1536x1024.png 1536w, https:\/\/ideatempo.com\/wp-content\/uploads\/2024\/06\/anabel-2048x1365.png 2048w, https:\/\/ideatempo.com\/wp-content\/uploads\/2024\/06\/anabel-600x400.png 600w\" sizes=\"(max-width: 800px) 100vw, 800px\" \/>\t\t\t\t\t\t\t\t\t\t\t\t\t\t\t<\/div>\n\t\t\t\t<\/div>\n\t\t\t\t<\/div>\n\t\t<div class=\"elementor-element elementor-element-506b252 e-con-full e-flex e-con e-child\" data-id=\"506b252\" data-element_type=\"container\" data-e-type=\"container\">\n\t\t\t\t<div class=\"elementor-element elementor-element-dee91a9 elementor-widget elementor-widget-heading\" data-id=\"dee91a9\" data-element_type=\"widget\" data-e-type=\"widget\" data-widget_type=\"heading.default\">\n\t\t\t\t<div class=\"elementor-widget-container\">\n\t\t\t\t\t<h2 class=\"elementor-heading-title elementor-size-default\">Qui\u00e9nes somos<\/h2>\t\t\t\t<\/div>\n\t\t\t\t<\/div>\n\t\t\t\t<div class=\"elementor-element elementor-element-1c660f2 elementor-widget elementor-widget-text-editor\" data-id=\"1c660f2\" data-element_type=\"widget\" data-e-type=\"widget\" data-widget_type=\"text-editor.default\">\n\t\t\t\t<div class=\"elementor-widget-container\">\n\t\t\t\t\t\t\t\t\t<p>Fundada en 2022, Idea Tempo es hoy uno de los principales proveedores de packaging de lujo en Europa. Para ofrecer a sus clientes una gama de productos de alta calidad a precios competitivos, su fundador Pablo Camacho, con m\u00e1s de 15 a\u00f1os de experiencia en el mundo del packaging de lujo en Suiza, se apoya en una red de producci\u00f3n en Espa\u00f1a colaborando con empresas especializadas y geogr\u00e1ficamente cercanas a su centro log\u00edstico.<\/p><p>Nuestros talleres y oficinas se encuentran en C\u00f3rdoba y en Ubrique con equipos de desarrollo, as\u00ed como un servicio de control de calidad y log\u00edstica para estar lo m\u00e1s cerca posible de nuestros proveedores.<\/p><p>Esta diversificaci\u00f3n nos permite ofrecer una amplia gama de productos, siempre combinada con un servicio de alta calidad en t\u00e9rminos de desarrollo, seguimiento de la producci\u00f3n y atenci\u00f3n al cliente.<\/p><p>Nuestro objetivo es dise\u00f1ar, desarrollar y producir un entorno completo, \u00fanico, espec\u00edfico y eco-responsable para apoyar la estrategia de marketing de nuestros clientes en sus puntos de venta de todo el mundo.<\/p><p>Idea Tempo se compromete a utilizar materiales y conceptos innovadores y responsables con el fin de limitar el impacto medioambiental.<\/p><p>\u00a0<\/p>\t\t\t\t\t\t\t\t<\/div>\n\t\t\t\t<\/div>\n\t\t\t\t<div class=\"elementor-element elementor-element-10c8cfa elementor-widget elementor-widget-heading\" data-id=\"10c8cfa\" data-element_type=\"widget\" data-e-type=\"widget\" data-widget_type=\"heading.default\">\n\t\t\t\t<div class=\"elementor-widget-container\">\n\t\t\t\t\t<h5 class=\"elementor-heading-title elementor-size-default\">Anabel Camacho\u200b<\/h5>\t\t\t\t<\/div>\n\t\t\t\t<\/div>\n\t\t\t\t<div class=\"elementor-element elementor-element-8646671 elementor-widget elementor-widget-heading\" data-id=\"8646671\" data-element_type=\"widget\" data-e-type=\"widget\" data-widget_type=\"heading.default\">\n\t\t\t\t<div class=\"elementor-widget-container\">\n\t\t\t\t\t<h6 class=\"elementor-heading-title elementor-size-default\">CEO<\/h6>\t\t\t\t<\/div>\n\t\t\t\t<\/div>\n\t\t\t\t<\/div>\n\t\t\t\t\t<\/div>\n\t\t\t\t<\/div>\n\t\t<div class=\"elementor-element elementor-element-c7343f1 e-flex e-con-boxed e-con e-parent\" data-id=\"c7343f1\" data-element_type=\"container\" data-e-type=\"container\" data-settings=\"{&quot;background_background&quot;:&quot;classic&quot;}\">\n\t\t\t\t\t<div class=\"e-con-inner\">\n\t\t<div class=\"elementor-element elementor-element-b9294d0 e-con-full e-flex e-con e-child\" data-id=\"b9294d0\" data-element_type=\"container\" data-e-type=\"container\">\n\t\t\t\t<div class=\"elementor-element elementor-element-0ce45ee elementor-widget elementor-widget-image\" data-id=\"0ce45ee\" data-element_type=\"widget\" data-e-type=\"widget\" data-widget_type=\"image.default\">\n\t\t\t\t<div class=\"elementor-widget-container\">\n\t\t\t\t\t\t\t\t\t\t\t\t\t\t\t<img decoding=\"async\" width=\"800\" height=\"450\" src=\"https:\/\/ideatempo.com\/wp-content\/uploads\/2024\/05\/compromiso-con-la-excelencia-1024x576.webp\" class=\"attachment-large size-large wp-image-621\" alt=\"\" srcset=\"https:\/\/ideatempo.com\/wp-content\/uploads\/2024\/05\/compromiso-con-la-excelencia-1024x576.webp 1024w, https:\/\/ideatempo.com\/wp-content\/uploads\/2024\/05\/compromiso-con-la-excelencia-300x169.webp 300w, https:\/\/ideatempo.com\/wp-content\/uploads\/2024\/05\/compromiso-con-la-excelencia-768x432.webp 768w, https:\/\/ideatempo.com\/wp-content\/uploads\/2024\/05\/compromiso-con-la-excelencia-1536x863.webp 1536w, https:\/\/ideatempo.com\/wp-content\/uploads\/2024\/05\/compromiso-con-la-excelencia-600x337.webp 600w, https:\/\/ideatempo.com\/wp-content\/uploads\/2024\/05\/compromiso-con-la-excelencia.webp 1722w\" sizes=\"(max-width: 800px) 100vw, 800px\" \/>\t\t\t\t\t\t\t\t\t\t\t\t\t\t\t<\/div>\n\t\t\t\t<\/div>\n\t\t\t\t<\/div>\n\t\t<div class=\"elementor-element elementor-element-aac3623 e-con-full e-flex e-con e-child\" data-id=\"aac3623\" data-element_type=\"container\" data-e-type=\"container\">\n\t\t\t\t<div class=\"elementor-element elementor-element-593f03f elementor-widget elementor-widget-heading\" data-id=\"593f03f\" data-element_type=\"widget\" data-e-type=\"widget\" data-widget_type=\"heading.default\">\n\t\t\t\t<div class=\"elementor-widget-container\">\n\t\t\t\t\t<h2 class=\"elementor-heading-title elementor-size-default\">Know-how<\/h2>\t\t\t\t<\/div>\n\t\t\t\t<\/div>\n\t\t\t\t<div class=\"elementor-element elementor-element-445e756 elementor-widget elementor-widget-text-editor\" data-id=\"445e756\" data-element_type=\"widget\" data-e-type=\"widget\" data-widget_type=\"text-editor.default\">\n\t\t\t\t<div class=\"elementor-widget-container\">\n\t\t\t\t\t\t\t\t\t<p>Gracias a nuestra experiencia y saber hacer, desarrollamos productos a medida para que cada pieza sea exclusiva y \u00fanica.<\/p><p>Cada art\u00edculo se dise\u00f1a en funci\u00f3n de las necesidades y expectativas de nuestros clientes, trabajando con una amplia gama de materiales como madera, cuero, tela, pintura, inyecci\u00f3n pl\u00e1stica y metal.<\/p>\t\t\t\t\t\t\t\t<\/div>\n\t\t\t\t<\/div>\n\t\t\t\t<\/div>\n\t\t\t\t\t<\/div>\n\t\t\t\t<\/div>\n\t\t<div class=\"elementor-element elementor-element-f9d52a1 e-flex e-con-boxed e-con e-parent\" data-id=\"f9d52a1\" data-element_type=\"container\" data-e-type=\"container\" data-settings=\"{&quot;background_background&quot;:&quot;classic&quot;}\">\n\t\t\t\t\t<div class=\"e-con-inner\">\n\t\t<div class=\"elementor-element elementor-element-4890443 e-con-full e-flex e-con e-child\" data-id=\"4890443\" data-element_type=\"container\" data-e-type=\"container\">\n\t\t\t\t<div class=\"elementor-element elementor-element-43a941e elementor-widget elementor-widget-image\" data-id=\"43a941e\" data-element_type=\"widget\" data-e-type=\"widget\" data-widget_type=\"image.default\">\n\t\t\t\t<div class=\"elementor-widget-container\">\n\t\t\t\t\t\t\t\t\t\t\t\t\t\t\t<img decoding=\"async\" width=\"800\" height=\"534\" src=\"https:\/\/ideatempo.com\/wp-content\/uploads\/2024\/05\/JCB03340-1024x683.webp\" class=\"attachment-large size-large wp-image-667\" alt=\"\" srcset=\"https:\/\/ideatempo.com\/wp-content\/uploads\/2024\/05\/JCB03340-1024x683.webp 1024w, https:\/\/ideatempo.com\/wp-content\/uploads\/2024\/05\/JCB03340-300x200.webp 300w, https:\/\/ideatempo.com\/wp-content\/uploads\/2024\/05\/JCB03340-768x512.webp 768w, https:\/\/ideatempo.com\/wp-content\/uploads\/2024\/05\/JCB03340-1536x1024.webp 1536w, https:\/\/ideatempo.com\/wp-content\/uploads\/2024\/05\/JCB03340-600x400.webp 600w, https:\/\/ideatempo.com\/wp-content\/uploads\/2024\/05\/JCB03340.webp 1980w\" sizes=\"(max-width: 800px) 100vw, 800px\" \/>\t\t\t\t\t\t\t\t\t\t\t\t\t\t\t<\/div>\n\t\t\t\t<\/div>\n\t\t\t\t<\/div>\n\t\t<div class=\"elementor-element elementor-element-d35a1fb e-con-full e-flex e-con e-child\" data-id=\"d35a1fb\" data-element_type=\"container\" data-e-type=\"container\">\n\t\t\t\t<div class=\"elementor-element elementor-element-23743b6 elementor-widget elementor-widget-heading\" data-id=\"23743b6\" data-element_type=\"widget\" data-e-type=\"widget\" data-widget_type=\"heading.default\">\n\t\t\t\t<div class=\"elementor-widget-container\">\n\t\t\t\t\t<h2 class=\"elementor-heading-title elementor-size-default\">Servicios<\/h2>\t\t\t\t<\/div>\n\t\t\t\t<\/div>\n\t\t\t\t<div class=\"elementor-element elementor-element-6fe41b3 elementor-widget elementor-widget-text-editor\" data-id=\"6fe41b3\" data-element_type=\"widget\" data-e-type=\"widget\" data-widget_type=\"text-editor.default\">\n\t\t\t\t<div class=\"elementor-widget-container\">\n\t\t\t\t\t\t\t\t\t<p>Ofrecemos asesoramiento personalizado:<\/p><ul><li>Dise\u00f1o y desarrollo de envases a medida y personalizados<\/li><li>Ejecuci\u00f3n y gesti\u00f3n de la producci\u00f3n<\/li><li>Control de calidad<\/li><li>Log\u00edstica<\/li><\/ul>\t\t\t\t\t\t\t\t<\/div>\n\t\t\t\t<\/div>\n\t\t\t\t<div class=\"elementor-element elementor-element-7b27823 elementor-align-left elementor-mobile-align-center elementor-widget elementor-widget-button\" data-id=\"7b27823\" data-element_type=\"widget\" data-e-type=\"widget\" data-widget_type=\"button.default\">\n\t\t\t\t<div class=\"elementor-widget-container\">\n\t\t\t\t\t\t\t\t\t<div class=\"elementor-button-wrapper\">\n\t\t\t\t\t<a class=\"elementor-button elementor-button-link elementor-size-sm elementor-animation-grow\" href=\"https:\/\/ideatempo.com\/es\/services\/\">\n\t\t\t\t\t\t<span class=\"elementor-button-content-wrapper\">\n\t\t\t\t\t\t<span class=\"elementor-button-icon\">\n\t\t\t\t<svg aria-hidden=\"true\" class=\"e-font-icon-svg e-fas-angle-right\" viewbox=\"0 0 256 512\" xmlns=\"http:\/\/www.w3.org\/2000\/svg\"><path d=\"M224.3 273l-136 136c-9.4 9.4-24.6 9.4-33.9 0l-22.6-22.6c-9.4-9.4-9.4-24.6 0-33.9l96.4-96.4-96.4-96.4c-9.4-9.4-9.4-24.6 0-33.9L54.3 103c9.4-9.4 24.6-9.4 33.9 0l136 136c9.5 9.4 9.5 24.6.1 34z\"><\/path><\/svg>\t\t\t<\/span>\n\t\t\t\t\t\t\t\t\t<span class=\"elementor-button-text\">Servicios<\/span>\n\t\t\t\t\t<\/span>\n\t\t\t\t\t<\/a>\n\t\t\t\t<\/div>\n\t\t\t\t\t\t\t\t<\/div>\n\t\t\t\t<\/div>\n\t\t\t\t<\/div>\n\t\t\t\t\t<\/div>\n\t\t\t\t<\/div>\n\t\t<div class=\"elementor-element elementor-element-079308d e-con-full e-flex e-con e-parent\" data-id=\"079308d\" data-element_type=\"container\" data-e-type=\"container\">\n\t\t\t\t<div class=\"elementor-element elementor-element-fddf908 elementor-widget elementor-widget-heading\" data-id=\"fddf908\" data-element_type=\"widget\" data-e-type=\"widget\" data-widget_type=\"heading.default\">\n\t\t\t\t<div class=\"elementor-widget-container\">\n\t\t\t\t\t<h2 class=\"elementor-heading-title elementor-size-default\">Nuestros valores<\/h2>\t\t\t\t<\/div>\n\t\t\t\t<\/div>\n\t\t\t\t<\/div>\n\t\t<div class=\"elementor-element elementor-element-fe04181 e-flex e-con-boxed e-con e-parent\" data-id=\"fe04181\" data-element_type=\"container\" data-e-type=\"container\">\n\t\t\t\t\t<div class=\"e-con-inner\">\n\t\t<a class=\"elementor-element elementor-element-a2c8559 e-con-full e-flex e-con e-child\" data-id=\"a2c8559\" data-element_type=\"container\" data-e-type=\"container\" data-settings=\"{&quot;background_background&quot;:&quot;classic&quot;}\" href=\"\/es\/services\/\">\n\t\t\t\t<div class=\"elementor-element elementor-element-34cb944 elementor-widget elementor-widget-heading\" data-id=\"34cb944\" data-element_type=\"widget\" data-e-type=\"widget\" data-widget_type=\"heading.default\">\n\t\t\t\t<div class=\"elementor-widget-container\">\n\t\t\t\t\t<h3 class=\"elementor-heading-title elementor-size-default\">Pasi\u00f3n<\/h3>\t\t\t\t<\/div>\n\t\t\t\t<\/div>\n\t\t\t\t<\/a>\n\t\t<a class=\"elementor-element elementor-element-a31fb6e e-con-full e-flex e-con e-child\" data-id=\"a31fb6e\" data-element_type=\"container\" data-e-type=\"container\" data-settings=\"{&quot;background_background&quot;:&quot;classic&quot;}\" href=\"\/es\/services\/\">\n\t\t\t\t<div class=\"elementor-element elementor-element-ad072e6 elementor-widget elementor-widget-heading\" data-id=\"ad072e6\" data-element_type=\"widget\" data-e-type=\"widget\" data-widget_type=\"heading.default\">\n\t\t\t\t<div class=\"elementor-widget-container\">\n\t\t\t\t\t<h3 class=\"elementor-heading-title elementor-size-default translation-block\">Orientaci\u00f3n<br>al cliente<\/h3>\t\t\t\t<\/div>\n\t\t\t\t<\/div>\n\t\t\t\t<\/a>\n\t\t<a class=\"elementor-element elementor-element-5018faf e-con-full e-flex e-con e-child\" data-id=\"5018faf\" data-element_type=\"container\" data-e-type=\"container\" data-settings=\"{&quot;background_background&quot;:&quot;classic&quot;}\" href=\"\/es\/services\/\">\n\t\t\t\t<div class=\"elementor-element elementor-element-672b354 elementor-widget elementor-widget-heading\" data-id=\"672b354\" data-element_type=\"widget\" data-e-type=\"widget\" data-widget_type=\"heading.default\">\n\t\t\t\t<div class=\"elementor-widget-container\">\n\t\t\t\t\t<h3 class=\"elementor-heading-title elementor-size-default\">Calidad<\/h3>\t\t\t\t<\/div>\n\t\t\t\t<\/div>\n\t\t\t\t<\/a>\n\t\t<a class=\"elementor-element elementor-element-6053f3b e-con-full e-flex e-con e-child\" data-id=\"6053f3b\" data-element_type=\"container\" data-e-type=\"container\" data-settings=\"{&quot;background_background&quot;:&quot;classic&quot;}\" href=\"\/es\/services\/\">\n\t\t\t\t<div class=\"elementor-element elementor-element-2d505e7 elementor-widget elementor-widget-heading\" data-id=\"2d505e7\" data-element_type=\"widget\" data-e-type=\"widget\" data-widget_type=\"heading.default\">\n\t\t\t\t<div class=\"elementor-widget-container\">\n\t\t\t\t\t<h3 class=\"elementor-heading-title elementor-size-default\">Resoluci\u00f3n de problemas<\/h3>\t\t\t\t<\/div>\n\t\t\t\t<\/div>\n\t\t\t\t<\/a>\n\t\t\t\t\t<\/div>\n\t\t\t\t<\/div>\n\t\t\t\t<\/div>","protected":false},"excerpt":{"rendered":"<p>Qui sommes-nous Fond\u00e9e en 2022, Idea Tempo est aujourd\u2019hui l\u2019un des fournisseurs cl\u00e9s du packaging de luxe en Europe. Afin d\u2019offrir \u00e0 nos clients une gamme de produits de haute qualit\u00e9 \u00e0 des prix comp\u00e9titifs, le fondateur Pablo Camacho, avec plus de 15 ans d\u2019exp\u00e9rience dans le monde du packaging de luxe en Suisse, s\u2019appuie [&hellip;]<\/p>\n","protected":false},"author":1,"featured_media":0,"parent":0,"menu_order":0,"comment_status":"closed","ping_status":"closed","template":"","meta":{"footnotes":""},"class_list":["post-34","page","type-page","status-publish","hentry"],"yoast_head":"<!-- This site is optimized with the Yoast SEO plugin v27.0 - https:\/\/yoast.com\/product\/yoast-seo-wordpress\/ -->\n<title>A propos de nous - Idea Tempo<\/title>\n<meta name=\"robots\" content=\"index, follow, max-snippet:-1, max-image-preview:large, max-video-preview:-1\" \/>\n<link rel=\"canonical\" href=\"https:\/\/ideatempo.com\/es\/a-propos-de-nous\/\" \/>\n<meta property=\"og:locale\" content=\"es_ES\" \/>\n<meta property=\"og:type\" content=\"article\" \/>\n<meta property=\"og:title\" content=\"A propos de nous - Idea Tempo\" \/>\n<meta property=\"og:description\" content=\"Qui sommes-nous Fond\u00e9e en 2022, Idea Tempo est aujourd\u2019hui l\u2019un des fournisseurs cl\u00e9s du packaging de luxe en Europe. Afin d\u2019offrir \u00e0 nos clients une gamme de produits de haute qualit\u00e9 \u00e0 des prix comp\u00e9titifs, le fondateur Pablo Camacho, avec plus de 15 ans d\u2019exp\u00e9rience dans le monde du packaging de luxe en Suisse, s\u2019appuie [&hellip;]\" \/>\n<meta property=\"og:url\" content=\"https:\/\/ideatempo.com\/es\/a-propos-de-nous\/\" \/>\n<meta property=\"og:site_name\" content=\"Idea Tempo\" \/>\n<meta property=\"article:modified_time\" content=\"2025-03-11T17:06:55+00:00\" \/>\n<meta property=\"og:image\" content=\"https:\/\/ideatempo.com\/wp-content\/uploads\/2024\/06\/anabel-1024x683.png\" \/>\n\t<meta property=\"og:image:width\" content=\"1024\" \/>\n\t<meta property=\"og:image:height\" content=\"683\" \/>\n\t<meta property=\"og:image:type\" content=\"image\/png\" \/>\n<meta name=\"twitter:card\" content=\"summary_large_image\" \/>\n<meta name=\"twitter:label1\" content=\"Tiempo de lectura\" \/>\n\t<meta name=\"twitter:data1\" content=\"2 minutos\" \/>\n<script type=\"application\/ld+json\" class=\"yoast-schema-graph\">{\"@context\":\"https:\/\/schema.org\",\"@graph\":[{\"@type\":\"WebPage\",\"@id\":\"https:\/\/ideatempo.com\/a-propos-de-nous\/\",\"url\":\"https:\/\/ideatempo.com\/a-propos-de-nous\/\",\"name\":\"A propos de nous - Idea Tempo\",\"isPartOf\":{\"@id\":\"https:\/\/ideatempo.com\/#website\"},\"primaryImageOfPage\":{\"@id\":\"https:\/\/ideatempo.com\/a-propos-de-nous\/#primaryimage\"},\"image\":{\"@id\":\"https:\/\/ideatempo.com\/a-propos-de-nous\/#primaryimage\"},\"thumbnailUrl\":\"https:\/\/ideatempo.com\/wp-content\/uploads\/2024\/06\/anabel-1024x683.png\",\"datePublished\":\"2024-04-22T09:35:54+00:00\",\"dateModified\":\"2025-03-11T17:06:55+00:00\",\"breadcrumb\":{\"@id\":\"https:\/\/ideatempo.com\/a-propos-de-nous\/#breadcrumb\"},\"inLanguage\":\"es\",\"potentialAction\":[{\"@type\":\"ReadAction\",\"target\":[\"https:\/\/ideatempo.com\/a-propos-de-nous\/\"]}]},{\"@type\":\"ImageObject\",\"inLanguage\":\"es\",\"@id\":\"https:\/\/ideatempo.com\/a-propos-de-nous\/#primaryimage\",\"url\":\"https:\/\/ideatempo.com\/wp-content\/uploads\/2024\/06\/anabel-1024x683.png\",\"contentUrl\":\"https:\/\/ideatempo.com\/wp-content\/uploads\/2024\/06\/anabel-1024x683.png\"},{\"@type\":\"BreadcrumbList\",\"@id\":\"https:\/\/ideatempo.com\/a-propos-de-nous\/#breadcrumb\",\"itemListElement\":[{\"@type\":\"ListItem\",\"position\":1,\"name\":\"Portada\",\"item\":\"https:\/\/ideatempo.com\/\"},{\"@type\":\"ListItem\",\"position\":2,\"name\":\"A propos de nous\"}]},{\"@type\":\"WebSite\",\"@id\":\"https:\/\/ideatempo.com\/#website\",\"url\":\"https:\/\/ideatempo.com\/\",\"name\":\"Idea Tempo\",\"description\":\"\",\"publisher\":{\"@id\":\"https:\/\/ideatempo.com\/#organization\"},\"potentialAction\":[{\"@type\":\"SearchAction\",\"target\":{\"@type\":\"EntryPoint\",\"urlTemplate\":\"https:\/\/ideatempo.com\/?s={search_term_string}\"},\"query-input\":{\"@type\":\"PropertyValueSpecification\",\"valueRequired\":true,\"valueName\":\"search_term_string\"}}],\"inLanguage\":\"es\"},{\"@type\":\"Organization\",\"@id\":\"https:\/\/ideatempo.com\/#organization\",\"name\":\"Idea Tempo\",\"url\":\"https:\/\/ideatempo.com\/\",\"logo\":{\"@type\":\"ImageObject\",\"inLanguage\":\"es\",\"@id\":\"https:\/\/ideatempo.com\/#\/schema\/logo\/image\/\",\"url\":\"https:\/\/ideatempo.com\/wp-content\/uploads\/2024\/04\/Logo-sin-fondo.png\",\"contentUrl\":\"https:\/\/ideatempo.com\/wp-content\/uploads\/2024\/04\/Logo-sin-fondo.png\",\"width\":3601,\"height\":3601,\"caption\":\"Idea Tempo\"},\"image\":{\"@id\":\"https:\/\/ideatempo.com\/#\/schema\/logo\/image\/\"}}]}<\/script>\n<!-- \/ Yoast SEO plugin. -->","yoast_head_json":{"title":"A propos de nous - Idea Tempo","robots":{"index":"index","follow":"follow","max-snippet":"max-snippet:-1","max-image-preview":"max-image-preview:large","max-video-preview":"max-video-preview:-1"},"canonical":"https:\/\/ideatempo.com\/es\/a-propos-de-nous\/","og_locale":"es_ES","og_type":"article","og_title":"A propos de nous - Idea Tempo","og_description":"Qui sommes-nous Fond\u00e9e en 2022, Idea Tempo est aujourd\u2019hui l\u2019un des fournisseurs cl\u00e9s du packaging de luxe en Europe. Afin d\u2019offrir \u00e0 nos clients une gamme de produits de haute qualit\u00e9 \u00e0 des prix comp\u00e9titifs, le fondateur Pablo Camacho, avec plus de 15 ans d\u2019exp\u00e9rience dans le monde du packaging de luxe en Suisse, s\u2019appuie [&hellip;]","og_url":"https:\/\/ideatempo.com\/es\/a-propos-de-nous\/","og_site_name":"Idea Tempo","article_modified_time":"2025-03-11T17:06:55+00:00","og_image":[{"width":1024,"height":683,"url":"https:\/\/ideatempo.com\/wp-content\/uploads\/2024\/06\/anabel-1024x683.png","type":"image\/png"}],"twitter_card":"summary_large_image","twitter_misc":{"Tiempo de lectura":"2 minutos"},"schema":{"@context":"https:\/\/schema.org","@graph":[{"@type":"WebPage","@id":"https:\/\/ideatempo.com\/a-propos-de-nous\/","url":"https:\/\/ideatempo.com\/a-propos-de-nous\/","name":"A propos de nous - Idea Tempo","isPartOf":{"@id":"https:\/\/ideatempo.com\/#website"},"primaryImageOfPage":{"@id":"https:\/\/ideatempo.com\/a-propos-de-nous\/#primaryimage"},"image":{"@id":"https:\/\/ideatempo.com\/a-propos-de-nous\/#primaryimage"},"thumbnailUrl":"https:\/\/ideatempo.com\/wp-content\/uploads\/2024\/06\/anabel-1024x683.png","datePublished":"2024-04-22T09:35:54+00:00","dateModified":"2025-03-11T17:06:55+00:00","breadcrumb":{"@id":"https:\/\/ideatempo.com\/a-propos-de-nous\/#breadcrumb"},"inLanguage":"es","potentialAction":[{"@type":"ReadAction","target":["https:\/\/ideatempo.com\/a-propos-de-nous\/"]}]},{"@type":"ImageObject","inLanguage":"es","@id":"https:\/\/ideatempo.com\/a-propos-de-nous\/#primaryimage","url":"https:\/\/ideatempo.com\/wp-content\/uploads\/2024\/06\/anabel-1024x683.png","contentUrl":"https:\/\/ideatempo.com\/wp-content\/uploads\/2024\/06\/anabel-1024x683.png"},{"@type":"BreadcrumbList","@id":"https:\/\/ideatempo.com\/a-propos-de-nous\/#breadcrumb","itemListElement":[{"@type":"ListItem","position":1,"name":"Portada","item":"https:\/\/ideatempo.com\/"},{"@type":"ListItem","position":2,"name":"A propos de nous"}]},{"@type":"WebSite","@id":"https:\/\/ideatempo.com\/#website","url":"https:\/\/ideatempo.com\/","name":"Idea Tempo","description":"","publisher":{"@id":"https:\/\/ideatempo.com\/#organization"},"potentialAction":[{"@type":"SearchAction","target":{"@type":"EntryPoint","urlTemplate":"https:\/\/ideatempo.com\/?s={search_term_string}"},"query-input":{"@type":"PropertyValueSpecification","valueRequired":true,"valueName":"search_term_string"}}],"inLanguage":"es"},{"@type":"Organization","@id":"https:\/\/ideatempo.com\/#organization","name":"Idea Tempo","url":"https:\/\/ideatempo.com\/","logo":{"@type":"ImageObject","inLanguage":"es","@id":"https:\/\/ideatempo.com\/#\/schema\/logo\/image\/","url":"https:\/\/ideatempo.com\/wp-content\/uploads\/2024\/04\/Logo-sin-fondo.png","contentUrl":"https:\/\/ideatempo.com\/wp-content\/uploads\/2024\/04\/Logo-sin-fondo.png","width":3601,"height":3601,"caption":"Idea Tempo"},"image":{"@id":"https:\/\/ideatempo.com\/#\/schema\/logo\/image\/"}}]}},"_links":{"self":[{"href":"https:\/\/ideatempo.com\/es\/wp-json\/wp\/v2\/pages\/34","targetHints":{"allow":["GET"]}}],"collection":[{"href":"https:\/\/ideatempo.com\/es\/wp-json\/wp\/v2\/pages"}],"about":[{"href":"https:\/\/ideatempo.com\/es\/wp-json\/wp\/v2\/types\/page"}],"author":[{"embeddable":true,"href":"https:\/\/ideatempo.com\/es\/wp-json\/wp\/v2\/users\/1"}],"replies":[{"embeddable":true,"href":"https:\/\/ideatempo.com\/es\/wp-json\/wp\/v2\/comments?post=34"}],"version-history":[{"count":137,"href":"https:\/\/ideatempo.com\/es\/wp-json\/wp\/v2\/pages\/34\/revisions"}],"predecessor-version":[{"id":2174,"href":"https:\/\/ideatempo.com\/es\/wp-json\/wp\/v2\/pages\/34\/revisions\/2174"}],"wp:attachment":[{"href":"https:\/\/ideatempo.com\/es\/wp-json\/wp\/v2\/media?parent=34"}],"curies":[{"name":"wp","href":"https:\/\/api.w.org\/{rel}","templated":true}]}}