{"id":40,"date":"2024-04-22T11:35:54","date_gmt":"2024-04-22T09:35:54","guid":{"rendered":"https:\/\/ideatempo.casiesta.com\/?page_id=40"},"modified":"2025-02-11T16:05:10","modified_gmt":"2025-02-11T15:05:10","slug":"politique-en-matiere-de-cookies","status":"publish","type":"page","link":"https:\/\/ideatempo.com\/es\/politique-en-matiere-de-cookies\/","title":{"rendered":"Pol\u00edtica de cookies"},"content":{"rendered":"<p>Utilizamos las cookies u otros archivos de funcionalidad similar (en adelante, \u201ccookies\u201d) para saber c\u00f3mo utilizas nuestros servicios y poder mejorarlos. Somos responsables de las cookies y del tratamiento de los datos obtenidos a trav\u00e9s de estas, ya sean propias o de terceros, decidiendo sobre la finalidad, contenido y uso del tratamiento de la informaci\u00f3n recabada.<\/p>\n\n\n\n<p>El objetivo de esta pol\u00edtica es informarle de manera clara y detallada de qu\u00e9 es una cookie, cu\u00e1l es su finalidad, qu\u00e9 tipo de cookies utilizamos y c\u00f3mo configurarlas o en su caso deshabilitarlas.<\/p>\n\n\n\n<p>Una cookie es un peque\u00f1o archivo de texto que se almacena en su navegador cuando visita nuestra p\u00e1gina web y que guarda informaci\u00f3n sobre la navegaci\u00f3n que realiza. Algunas cookies resultan esenciales para el buen funcionamiento de las p\u00e1ginas web, como es el caso de las cookies t\u00e9cnicas o de personalizaci\u00f3n de la interfaz de usuario, aunque otras, como las cookies de an\u00e1lisis o las de publicidad comportamental, requieren que le informemos y recabar su consentimiento para ser utilizadas por nuestra parte.<\/p>\n\n\n\n<p>A continuaci\u00f3n, y con el objetivo de que pueda prestar un consentimiento plenamente informado, le detallamos la informaci\u00f3n de en qu\u00e9 consiste y cu\u00e1l es la finalidad de cada tipo de cookie<\/p>\n\n\n\n<p class=\"translation-block\">Las cookies t\u00e9cnicas son aquellas que permiten al usuario la navegaci\u00f3n a trav\u00e9s de una p\u00e1gina web, plataforma o aplicaci\u00f3n y la utilizaci\u00f3n de las diferentes opciones o servicios que en ella existan, incluyendo la gesti\u00f3n y operativa de la p\u00e1gina web y habilitar sus funciones y servicios, como, por ejemplo, identificar la sesi\u00f3n, acceder a partes de acceso restringido, recordar los elementos que integran un pedido, realizar el proceso de compra de un pedido, gestionar el pago,\u2026 La p\u00e1gina web no puede funcionar adecuadamente sin estas cookies, por lo que se consideran necesarias y no requieren su consentimiento.<\/p>\n\n\n\n<p class=\"translation-block\">Las cookies de preferencias o personalizaci\u00f3n permiten a la p\u00e1gina web recordar informaci\u00f3n que cambia la forma en que la p\u00e1gina se comporta o el aspecto que tiene de modo que el usuario acceda al servicio con determinadas caracter\u00edsticas que pueden diferenciar sus opciones de uso del sitio web a las de otros usuarios, como, por ejemplo, el idioma, el n\u00famero de resultados a mostrar cuando el usuario realiza una b\u00fasqueda o la regi\u00f3n en la que el usuario se encuentra. Si es el propio usuario quien elige esas caracter\u00edsticas, por ejemplo, marcando la bandera del idioma, se considera un servicio expresamente solicitado siempre y cuando las cookies obedezcan exclusivamente a la finalidad seleccionada de personalizaci\u00f3n. Como en el caso anterior, estas cookies no requieren su consentimiento.<\/p>\n\n\n\n<p class=\"translation-block\">Las cookies de an\u00e1lisis o medici\u00f3n son aquellas que permiten comprender c\u00f3mo interact\u00faan los visitantes con las p\u00e1ginas web y as\u00ed realizar el an\u00e1lisis estad\u00edstico del uso que hacen los usuarios de la web de los servicios prestados. La informaci\u00f3n recogida se utiliza en la medici\u00f3n de la actividad de los sitios web o aplicaci\u00f3n con el fin de introducir mejoras en los productos y servicios ofrecidos por el responsable.<\/p>\n\n\n\n<p class=\"translation-block\">Las cookies de marketing o publicidad comportamental almacenan informaci\u00f3n del comportamiento de los usuarios obtenida a trav\u00e9s de la observaci\u00f3n continuada de sus h\u00e1bitos de navegaci\u00f3n, lo que permite desarrollar un perfil espec\u00edfico para mostrar anuncios relevantes y atractivos para el usuario individual y, por lo tanto, m\u00e1s valiosos para los terceros anunciantes.<\/p>\n\n\n\n<p>A continuaci\u00f3n, se exponen en la siguiente declaraci\u00f3n las cookies que utilizamos:<\/p>\n\n\n\n<h3 class=\"wp-block-heading\">Cookies estrictamente necesarias<\/h3>\n\n\n\n<figure class=\"wp-block-table\"><table class=\"has-fixed-layout\"><thead><tr><th>Clave de cookies<\/th><th>Dominio<\/th><th>Tipo de cookie<\/th><th>Vencimiento<\/th><th>Descripci\u00f3n<\/th><\/tr><\/thead><tbody><tr><td>__cf_bm<\/td><td>.vimeo.com<\/td><td>Troisi\u00e8mement<\/td><td>30 minutos<\/td><td>Esta cookie se utiliza para distinguir entre humanos y bots. Esto es beneficioso para el sitio web con el fin de elaborar informes v\u00e1lidos sobre el uso de su sitio web.<\/td><\/tr><tr><td colspan=\"5\"><\/td><\/tr><tr><td>cookieyes-consent<\/td><td>ideatempo.com<\/td><td>first part<\/td><td>1 a\u00f1o<\/td><td>CookieYes establece esta cookie para recordar las preferencias de consentimiento de los usuarios, de modo que sus preferencias se respeten en sus visitas posteriores a este sitio. No recopila ni almacena ning\u00fan tipo de informaci\u00f3n personal de los visitantes del sitio.<\/td><\/tr><tr><td>jouer<\/td><td>.vimeo.com<\/td><td>Troisi\u00e8mement<\/td><td>1 a\u00f1o<\/td><td>Ce cookie de premi\u00e8re partie cr\u00e9\u00e9 par Vimeo est utilis\u00e9 pour m\u00e9moriser les pr\u00e9f\u00e9rences de l&rsquo;utilisateur en mati\u00e8re de mode de lecture.<\/td><\/tr><tr><td colspan=\"5\"><\/td><\/tr><\/tbody><\/table><\/figure>\n\n\n\n<h3 class=\"wp-block-heading\">Cookies de rendimiento<\/h3>\n\n\n\n<figure class=\"wp-block-table\"><table class=\"has-fixed-layout\"><thead><tr><th>Clave de cookies<\/th><th>Dominio<\/th><th>Tipo de cookie<\/th><th>Vencimiento<\/th><th>Descripci\u00f3n<\/th><\/tr><\/thead><tbody><tr><td>sbjs_current<\/td><td>.ideatempo.com<\/td><td>first part<\/td><td>Sesi\u00f3n<\/td><td>Esta cookie se utiliza para rastrear las actividades e interacciones de los usuarios en el sitio web para facilitar un mejor an\u00e1lisis y comprensi\u00f3n de las fuentes de tr\u00e1fico y el comportamiento del usuario.<\/td><\/tr><tr><td colspan=\"5\"><\/td><\/tr><tr><td>sbjs_udata<\/td><td>.ideatempo.com<\/td><td>first part<\/td><td>Sesi\u00f3n<\/td><td>Esta cookie se utiliza para almacenar datos espec\u00edficos del usuario para ayudar a monitorear y analizar la efectividad de las campa\u00f1as publicitarias y optimizar la experiencia del usuario en el sitio web.<\/td><\/tr><tr><td colspan=\"5\"><\/td><\/tr><tr><td>sbjs_migrations<\/td><td>.ideatempo.com<\/td><td>first part<\/td><td>Sesi\u00f3n<\/td><td>Esta cookie se utiliza para rastrear las interacciones del usuario y la migraci\u00f3n entre diferentes p\u00e1ginas o secciones del sitio web para mejorar la experiencia del usuario y el an\u00e1lisis del rendimiento del sitio web.<\/td><\/tr><tr><td colspan=\"5\"><\/td><\/tr><tr><td>sbjs_current_add<\/td><td>.ideatempo.com<\/td><td>first part<\/td><td>Sesi\u00f3n<\/td><td>Esta cookie se utiliza para almacenar informaci\u00f3n sobre la visita actual para distinguir entre usuarios y sesiones. Por lo general, incluye detalles como la fuente de tr\u00e1fico, datos de campa\u00f1as y comportamiento del usuario para ayudar a rastrear y analizar la efectividad de las campa\u00f1as de marketing.<\/td><\/tr><tr><td colspan=\"5\"><\/td><\/tr><tr><td>sbjs_first_add<\/td><td>.ideatempo.com<\/td><td>first part<\/td><td>Sesi\u00f3n<\/td><td>Esta cookie se utiliza para almacenar detalles sobre la primera visita del usuario al sitio web, incluida la marca de tiempo, el sitio de referencia y la fuente del tr\u00e1fico, para evaluar la efectividad de las campa\u00f1as de marketing y las fuentes del sitio web.<\/td><\/tr><tr><td colspan=\"5\"><\/td><\/tr><tr><td>sbjs_first<\/td><td>.ideatempo.com<\/td><td>first part<\/td><td>Sesi\u00f3n<\/td><td>Esta cookie se utiliza para almacenar informaci\u00f3n sobre la primera sesi\u00f3n del usuario en el sitio web. Realiza un seguimiento de detalles como la fuente de la que procede el usuario, la ruta que ha tomado, qu\u00e9 motor de b\u00fasqueda y palabra clave ha utilizado y su ubicaci\u00f3n en el momento de la primera visita. Esta informaci\u00f3n se utiliza para analizar y mejorar el rendimiento del sitio web mediante la comprensi\u00f3n del comportamiento del usuario.<\/td><\/tr><tr><td colspan=\"5\"><\/td><\/tr><tr><td>sbjs_session<\/td><td>.ideatempo.com<\/td><td>first part<\/td><td>30 minutos<\/td><td>Esta cookie se utiliza para rastrear la actividad y las sesiones del usuario para mejorar el rendimiento y la usabilidad del sitio web, ayudando a comprender c\u00f3mo interact\u00faan los visitantes con el sitio web.<\/td><\/tr><tr><td colspan=\"5\"><\/td><\/tr><\/tbody><\/table><\/figure>\n\n\n\n<h3 class=\"wp-block-heading\">Cookies de funcionalidad<\/h3>\n\n\n\n<figure class=\"wp-block-table\"><table class=\"has-fixed-layout\"><thead><tr><th>Clave de cookies<\/th><th>Dominio<\/th><th>Tipo de cookie<\/th><th>Vencimiento<\/th><th>Descripci\u00f3n<\/th><\/tr><\/thead><tbody><tr><td>vuid<\/td><td>.vimeo.com<\/td><td>Troisi\u00e8mement<\/td><td>1 a\u00f1o 1 mes<\/td><td>Estas cookies son utilizadas por el reproductor de v\u00eddeo Vimeo en los sitios web.<\/td><\/tr><tr><td colspan=\"5\"><\/td><\/tr><tr><td>_cfuvid<\/td><td>.vimeo.com<\/td><td>Troisi\u00e8mement<\/td><td>Sesi\u00f3n<\/td><td>Esta cookie se utiliza con el fin de rastrear a los usuarios en diferentes sesiones para optimizar la experiencia del usuario manteniendo la consistencia de la sesi\u00f3n y brindando servicios personalizados.<\/td><\/tr><tr><td colspan=\"5\"><\/td><\/tr><\/tbody><\/table><\/figure>\n\n\n\n<h3 class=\"wp-block-heading\">Cookies anal\u00edticas<\/h3>\n\n\n\n<figure class=\"wp-block-table\"><table class=\"has-fixed-layout\"><thead><tr><th>Clave de cookies<\/th><th>Dominio<\/th><th>Tipo de cookie<\/th><th>Vencimiento<\/th><th>Descripci\u00f3n<\/th><\/tr><\/thead><tbody><tr><td>ga_*<\/td><td>.ideatempo.com<\/td><td>first part<\/td><td>1 year 1 month 4 days<\/td><td>Google Analytics establece esta cookie para almacenar y contar las visitas a la p\u00e1gina.<\/td><\/tr><tr><td colspan=\"5\"><\/td><\/tr><tr><td>_ga<\/td><td>.ideatempo.com<\/td><td>first part<\/td><td>1 year 1 month 4 days<\/td><td>La cookie _ga, instalada por Google Analytics, calcula los datos de visitantes, sesiones y campa\u00f1as y tambi\u00e9n realiza un seguimiento del uso del sitio para el informe anal\u00edtico del sitio. La cookie almacena informaci\u00f3n de forma an\u00f3nima y asigna un n\u00famero generado aleatoriamente para reconocer a los visitantes \u00fanicos.<\/td><\/tr><tr><td colspan=\"5\"><\/td><\/tr><\/tbody><\/table><\/figure>\n\n\n\n<p>Para las cookies de an\u00e1lisis y de publicidad necesitamos su consentimiento que podremos obtener si pulsa en el bot\u00f3n \u201cAcepto\u201d en el mensaje de informaci\u00f3n que se muestra al acceder a nuestra p\u00e1gina web.<\/p>\n\n\n\n<p>Si desactiva las cookies, podr\u00e1 seguir accediendo a la web, pero puede que la navegaci\u00f3n por esta no sea \u00f3ptima y alguno de los servicios ofrecidos no funcionen correctamente.<\/p>\n\n\n\n<p>Si en un futuro lleg\u00e1ramos a utilizar tipos de cookies diferentes a las contempladas en esta Pol\u00edtica de Cookies para prestar nuevos servicios o fuera necesario adaptarla a nuevas exigencias legislativas, se lo notificaremos.<\/p>\n\n\n\n<p>Puede permitir, bloquear o eliminar las cookies instaladas en su dispositivo a trav\u00e9s del men\u00fa de configuraci\u00f3n de su navegador de internet, pudiendo configurarlo para que bloquee las cookies o alerte al usuario cuando un servidor quiera guardarla. Los siguientes enlaces proporcionan informaci\u00f3n en relaci\u00f3n con c\u00f3mo configurar y\/o deshabilitar las cookies para cada uno de los principales navegadores del mercado a fin de que el usuario pueda decidir si acepta o no el uso de cookies.<\/p>\n\n\n\n<ul class=\"wp-block-list\">\n<li><a href=\"https:\/\/support.microsoft.com\/es-es\/help\/17442\/windows-internet-explorer-delete-manage-cookies\">Microsoft Internet Explorer<\/a>men\u00fa Herramientas &gt; Opciones de Internet &gt; Privacidad &gt; Configuraci\u00f3n<\/li>\n\n\n\n<li><a href=\"https:\/\/support.mozilla.org\/es\/kb\/habilitar-y-deshabilitar-cookies-sitios-web-rastrear-preferencias?redirectlocale=es&amp;redirectslug=habilitar-y-deshabilitar-cookies-que-los-sitios-we\">Firefox<\/a>men\u00fa Herramientas &gt; Opciones &gt; Privacidad &gt; Cookies<\/li>\n\n\n\n<li><a href=\"https:\/\/support.google.com\/accounts\/answer\/61416?hl=es\">Chrome<\/a>men\u00fa Opciones &gt; Opciones avanzadas &gt; Privacidad<\/li>\n\n\n\n<li><a href=\"https:\/\/support.apple.com\/es-es\/guide\/safari\/sfri11471\/mac\">Safari :<\/a>\u00a0men\u00fa Preferencias\/Privacidad<\/li>\n\n\n\n<li class=\"translation-block\"><a href=\"https:\/\/support.apple.com\/es-es\/HT201265\" target=\"_self\">Safari pour iOS<\/a> (iPhone y iPad): Opci\u00f3n Ajustes &gt; Safari<\/li>\n\n\n\n<li><a href=\"https:\/\/support.google.com\/chrome\/answer\/95647?co=GENIE.Platform%3DAndroid&amp;hl=es-419\">Chrome pour Android<\/a>Configuraci\u00f3n &gt; Configuraci\u00f3n de sitios web &gt; Cookies<\/li>\n<\/ul>","protected":false},"excerpt":{"rendered":"<p>Nous utilisons des cookies ou d&rsquo;autres fichiers ayant une fonctionnalit\u00e9 similaire (ci-apr\u00e8s, \u00ab\u00a0cookies\u00a0\u00bb) pour savoir comment vous utilisez nos services et pour pouvoir les am\u00e9liorer. Nous sommes responsables des cookies et du traitement des donn\u00e9es obtenues par leur interm\u00e9diaire, qu&rsquo;il s&rsquo;agisse des n\u00f4tres ou de ceux de tiers, en d\u00e9cidant de la finalit\u00e9, du contenu [&hellip;]<\/p>\n","protected":false},"author":1,"featured_media":0,"parent":0,"menu_order":0,"comment_status":"closed","ping_status":"closed","template":"","meta":{"footnotes":""},"class_list":["post-40","page","type-page","status-publish","hentry"],"yoast_head":"<!-- This site is optimized with the Yoast SEO plugin v27.3 - https:\/\/yoast.com\/product\/yoast-seo-wordpress\/ -->\n<title>Politique en mati\u00e8re de cookies - Idea Tempo<\/title>\n<meta name=\"robots\" content=\"index, follow, max-snippet:-1, max-image-preview:large, max-video-preview:-1\" \/>\n<link rel=\"canonical\" href=\"https:\/\/ideatempo.com\/es\/politique-en-matiere-de-cookies\/\" \/>\n<meta property=\"og:locale\" content=\"es_ES\" \/>\n<meta property=\"og:type\" content=\"article\" \/>\n<meta property=\"og:title\" content=\"Politique en mati\u00e8re de cookies - Idea Tempo\" \/>\n<meta property=\"og:description\" content=\"Nous utilisons des cookies ou d&rsquo;autres fichiers ayant une fonctionnalit\u00e9 similaire (ci-apr\u00e8s, \u00ab\u00a0cookies\u00a0\u00bb) pour savoir comment vous utilisez nos services et pour pouvoir les am\u00e9liorer. Nous sommes responsables des cookies et du traitement des donn\u00e9es obtenues par leur interm\u00e9diaire, qu&rsquo;il s&rsquo;agisse des n\u00f4tres ou de ceux de tiers, en d\u00e9cidant de la finalit\u00e9, du contenu [&hellip;]\" \/>\n<meta property=\"og:url\" content=\"https:\/\/ideatempo.com\/es\/politique-en-matiere-de-cookies\/\" \/>\n<meta property=\"og:site_name\" content=\"Idea Tempo\" \/>\n<meta property=\"article:modified_time\" content=\"2025-02-11T15:05:10+00:00\" \/>\n<meta name=\"twitter:card\" content=\"summary_large_image\" \/>\n<meta name=\"twitter:label1\" content=\"Tiempo de lectura\" \/>\n\t<meta name=\"twitter:data1\" content=\"7 minutos\" \/>\n<script type=\"application\/ld+json\" class=\"yoast-schema-graph\">{\"@context\":\"https:\\\/\\\/schema.org\",\"@graph\":[{\"@type\":\"WebPage\",\"@id\":\"https:\\\/\\\/ideatempo.com\\\/politique-en-matiere-de-cookies\\\/\",\"url\":\"https:\\\/\\\/ideatempo.com\\\/politique-en-matiere-de-cookies\\\/\",\"name\":\"Politique en mati\u00e8re de cookies - Idea Tempo\",\"isPartOf\":{\"@id\":\"https:\\\/\\\/ideatempo.com\\\/#website\"},\"datePublished\":\"2024-04-22T09:35:54+00:00\",\"dateModified\":\"2025-02-11T15:05:10+00:00\",\"breadcrumb\":{\"@id\":\"https:\\\/\\\/ideatempo.com\\\/politique-en-matiere-de-cookies\\\/#breadcrumb\"},\"inLanguage\":\"es\",\"potentialAction\":[{\"@type\":\"ReadAction\",\"target\":[\"https:\\\/\\\/ideatempo.com\\\/politique-en-matiere-de-cookies\\\/\"]}]},{\"@type\":\"BreadcrumbList\",\"@id\":\"https:\\\/\\\/ideatempo.com\\\/politique-en-matiere-de-cookies\\\/#breadcrumb\",\"itemListElement\":[{\"@type\":\"ListItem\",\"position\":1,\"name\":\"Portada\",\"item\":\"https:\\\/\\\/ideatempo.com\\\/\"},{\"@type\":\"ListItem\",\"position\":2,\"name\":\"Politique en mati\u00e8re de cookies\"}]},{\"@type\":\"WebSite\",\"@id\":\"https:\\\/\\\/ideatempo.com\\\/#website\",\"url\":\"https:\\\/\\\/ideatempo.com\\\/\",\"name\":\"Idea Tempo\",\"description\":\"\",\"publisher\":{\"@id\":\"https:\\\/\\\/ideatempo.com\\\/#organization\"},\"potentialAction\":[{\"@type\":\"SearchAction\",\"target\":{\"@type\":\"EntryPoint\",\"urlTemplate\":\"https:\\\/\\\/ideatempo.com\\\/?s={search_term_string}\"},\"query-input\":{\"@type\":\"PropertyValueSpecification\",\"valueRequired\":true,\"valueName\":\"search_term_string\"}}],\"inLanguage\":\"es\"},{\"@type\":\"Organization\",\"@id\":\"https:\\\/\\\/ideatempo.com\\\/#organization\",\"name\":\"Idea Tempo\",\"url\":\"https:\\\/\\\/ideatempo.com\\\/\",\"logo\":{\"@type\":\"ImageObject\",\"inLanguage\":\"es\",\"@id\":\"https:\\\/\\\/ideatempo.com\\\/#\\\/schema\\\/logo\\\/image\\\/\",\"url\":\"https:\\\/\\\/ideatempo.com\\\/wp-content\\\/uploads\\\/2024\\\/04\\\/Logo-sin-fondo.png\",\"contentUrl\":\"https:\\\/\\\/ideatempo.com\\\/wp-content\\\/uploads\\\/2024\\\/04\\\/Logo-sin-fondo.png\",\"width\":3601,\"height\":3601,\"caption\":\"Idea Tempo\"},\"image\":{\"@id\":\"https:\\\/\\\/ideatempo.com\\\/#\\\/schema\\\/logo\\\/image\\\/\"}}]}<\/script>\n<!-- \/ Yoast SEO plugin. -->","yoast_head_json":{"title":"Politique en mati\u00e8re de cookies - Idea Tempo","robots":{"index":"index","follow":"follow","max-snippet":"max-snippet:-1","max-image-preview":"max-image-preview:large","max-video-preview":"max-video-preview:-1"},"canonical":"https:\/\/ideatempo.com\/es\/politique-en-matiere-de-cookies\/","og_locale":"es_ES","og_type":"article","og_title":"Politique en mati\u00e8re de cookies - Idea Tempo","og_description":"Nous utilisons des cookies ou d&rsquo;autres fichiers ayant une fonctionnalit\u00e9 similaire (ci-apr\u00e8s, \u00ab\u00a0cookies\u00a0\u00bb) pour savoir comment vous utilisez nos services et pour pouvoir les am\u00e9liorer. Nous sommes responsables des cookies et du traitement des donn\u00e9es obtenues par leur interm\u00e9diaire, qu&rsquo;il s&rsquo;agisse des n\u00f4tres ou de ceux de tiers, en d\u00e9cidant de la finalit\u00e9, du contenu [&hellip;]","og_url":"https:\/\/ideatempo.com\/es\/politique-en-matiere-de-cookies\/","og_site_name":"Idea Tempo","article_modified_time":"2025-02-11T15:05:10+00:00","twitter_card":"summary_large_image","twitter_misc":{"Tiempo de lectura":"7 minutos"},"schema":{"@context":"https:\/\/schema.org","@graph":[{"@type":"WebPage","@id":"https:\/\/ideatempo.com\/politique-en-matiere-de-cookies\/","url":"https:\/\/ideatempo.com\/politique-en-matiere-de-cookies\/","name":"Politique en mati\u00e8re de cookies - Idea Tempo","isPartOf":{"@id":"https:\/\/ideatempo.com\/#website"},"datePublished":"2024-04-22T09:35:54+00:00","dateModified":"2025-02-11T15:05:10+00:00","breadcrumb":{"@id":"https:\/\/ideatempo.com\/politique-en-matiere-de-cookies\/#breadcrumb"},"inLanguage":"es","potentialAction":[{"@type":"ReadAction","target":["https:\/\/ideatempo.com\/politique-en-matiere-de-cookies\/"]}]},{"@type":"BreadcrumbList","@id":"https:\/\/ideatempo.com\/politique-en-matiere-de-cookies\/#breadcrumb","itemListElement":[{"@type":"ListItem","position":1,"name":"Portada","item":"https:\/\/ideatempo.com\/"},{"@type":"ListItem","position":2,"name":"Politique en mati\u00e8re de cookies"}]},{"@type":"WebSite","@id":"https:\/\/ideatempo.com\/#website","url":"https:\/\/ideatempo.com\/","name":"Idea Tempo","description":"","publisher":{"@id":"https:\/\/ideatempo.com\/#organization"},"potentialAction":[{"@type":"SearchAction","target":{"@type":"EntryPoint","urlTemplate":"https:\/\/ideatempo.com\/?s={search_term_string}"},"query-input":{"@type":"PropertyValueSpecification","valueRequired":true,"valueName":"search_term_string"}}],"inLanguage":"es"},{"@type":"Organization","@id":"https:\/\/ideatempo.com\/#organization","name":"Idea Tempo","url":"https:\/\/ideatempo.com\/","logo":{"@type":"ImageObject","inLanguage":"es","@id":"https:\/\/ideatempo.com\/#\/schema\/logo\/image\/","url":"https:\/\/ideatempo.com\/wp-content\/uploads\/2024\/04\/Logo-sin-fondo.png","contentUrl":"https:\/\/ideatempo.com\/wp-content\/uploads\/2024\/04\/Logo-sin-fondo.png","width":3601,"height":3601,"caption":"Idea Tempo"},"image":{"@id":"https:\/\/ideatempo.com\/#\/schema\/logo\/image\/"}}]}},"_links":{"self":[{"href":"https:\/\/ideatempo.com\/es\/wp-json\/wp\/v2\/pages\/40","targetHints":{"allow":["GET"]}}],"collection":[{"href":"https:\/\/ideatempo.com\/es\/wp-json\/wp\/v2\/pages"}],"about":[{"href":"https:\/\/ideatempo.com\/es\/wp-json\/wp\/v2\/types\/page"}],"author":[{"embeddable":true,"href":"https:\/\/ideatempo.com\/es\/wp-json\/wp\/v2\/users\/1"}],"replies":[{"embeddable":true,"href":"https:\/\/ideatempo.com\/es\/wp-json\/wp\/v2\/comments?post=40"}],"version-history":[{"count":7,"href":"https:\/\/ideatempo.com\/es\/wp-json\/wp\/v2\/pages\/40\/revisions"}],"predecessor-version":[{"id":2169,"href":"https:\/\/ideatempo.com\/es\/wp-json\/wp\/v2\/pages\/40\/revisions\/2169"}],"wp:attachment":[{"href":"https:\/\/ideatempo.com\/es\/wp-json\/wp\/v2\/media?parent=40"}],"curies":[{"name":"wp","href":"https:\/\/api.w.org\/{rel}","templated":true}]}}